{"id":24574,"date":"2020-05-22T15:26:15","date_gmt":"2020-05-22T13:26:15","guid":{"rendered":"https:\/\/cncdental.es\/servicio-tecnico-telefonico\/"},"modified":"2025-03-17T10:31:51","modified_gmt":"2025-03-17T09:31:51","slug":"technical-service","status":"publish","type":"page","link":"https:\/\/cncdental.es\/en\/technical-service\/","title":{"rendered":"Technical service"},"content":{"rendered":"\t\t<div data-elementor-type=\"wp-page\" data-elementor-id=\"24574\" class=\"elementor elementor-24574 elementor-496\" data-elementor-post-type=\"page\">\n\t\t\t\t\t\t<section class=\"elementor-section elementor-top-section elementor-element elementor-element-53c26558 elementor-section-height-min-height elementor-section-full_width elementor-section-height-default elementor-section-items-middle\" data-id=\"53c26558\" data-element_type=\"section\" data-e-type=\"section\" data-settings=\"{&quot;background_background&quot;:&quot;slideshow&quot;,&quot;shape_divider_bottom&quot;:&quot;waves&quot;,&quot;shape_divider_bottom_negative&quot;:&quot;yes&quot;,&quot;background_slideshow_gallery&quot;:[{&quot;id&quot;:965,&quot;url&quot;:&quot;https:\\\/\\\/cncdental.es\\\/wp-content\\\/uploads\\\/2020\\\/07\\\/protesico-dental-profesional.jpg&quot;},{&quot;id&quot;:945,&quot;url&quot;:&quot;https:\\\/\\\/cncdental.es\\\/wp-content\\\/uploads\\\/2020\\\/07\\\/diseno-cad-con-software-exocad.jpg&quot;},{&quot;id&quot;:947,&quot;url&quot;:&quot;https:\\\/\\\/cncdental.es\\\/wp-content\\\/uploads\\\/2020\\\/07\\\/calculo-cam-sum-3d-con-software-millbox.jpg&quot;}],&quot;background_slideshow_transition_duration&quot;:1000,&quot;background_slideshow_loop&quot;:&quot;yes&quot;,&quot;background_slideshow_slide_duration&quot;:5000,&quot;background_slideshow_slide_transition&quot;:&quot;fade&quot;}\">\n\t\t\t\t\t\t\t<div class=\"elementor-background-overlay\"><\/div>\n\t\t\t\t\t\t<div class=\"elementor-shape elementor-shape-bottom\" aria-hidden=\"true\" data-negative=\"true\">\n\t\t\t<svg xmlns=\"http:\/\/www.w3.org\/2000\/svg\" viewBox=\"0 0 1000 100\" preserveAspectRatio=\"none\">\n\t<path class=\"elementor-shape-fill\" d=\"M790.5,93.1c-59.3-5.3-116.8-18-192.6-50c-29.6-12.7-76.9-31-100.5-35.9c-23.6-4.9-52.6-7.8-75.5-5.3\n\tc-10.2,1.1-22.6,1.4-50.1,7.4c-27.2,6.3-58.2,16.6-79.4,24.7c-41.3,15.9-94.9,21.9-134,22.6C72,58.2,0,25.8,0,25.8V100h1000V65.3\n\tc0,0-51.5,19.4-106.2,25.7C839.5,97,814.1,95.2,790.5,93.1z\"\/>\n<\/svg>\t\t<\/div>\n\t\t\t\t\t<div class=\"elementor-container elementor-column-gap-default\">\n\t\t\t\t\t<div class=\"elementor-column elementor-col-100 elementor-top-column elementor-element elementor-element-5cd79b8a\" data-id=\"5cd79b8a\" data-element_type=\"column\" data-e-type=\"column\">\n\t\t\t<div class=\"elementor-widget-wrap elementor-element-populated\">\n\t\t\t\t\t\t<div class=\"elementor-element elementor-element-2f52fc09 elementor-widget elementor-widget-heading\" data-id=\"2f52fc09\" data-element_type=\"widget\" data-e-type=\"widget\" data-widget_type=\"heading.default\">\n\t\t\t\t<div class=\"elementor-widget-container\">\n\t\t\t\t\t<h1 class=\"elementor-heading-title elementor-size-default\">Exclusive free technical service<\/h1>\t\t\t\t<\/div>\n\t\t\t\t<\/div>\n\t\t\t\t\t<\/div>\n\t\t<\/div>\n\t\t\t\t\t<\/div>\n\t\t<\/section>\n\t\t\t\t<section class=\"elementor-section elementor-top-section elementor-element elementor-element-33527d39 elementor-reverse-mobile elementor-section-full_width elementor-reverse-tablet elementor-section-height-default elementor-section-height-default\" data-id=\"33527d39\" data-element_type=\"section\" data-e-type=\"section\" data-settings=\"{&quot;background_background&quot;:&quot;classic&quot;}\">\n\t\t\t\t\t\t\t<div class=\"elementor-background-overlay\"><\/div>\n\t\t\t\t\t\t\t<div class=\"elementor-container elementor-column-gap-default\">\n\t\t\t\t\t<div class=\"elementor-column elementor-col-50 elementor-top-column elementor-element elementor-element-6e56cc6f\" data-id=\"6e56cc6f\" data-element_type=\"column\" data-e-type=\"column\">\n\t\t\t<div class=\"elementor-widget-wrap elementor-element-populated\">\n\t\t\t\t\t\t<div class=\"elementor-element elementor-element-1251eeda elementor-widget elementor-widget-image\" data-id=\"1251eeda\" data-element_type=\"widget\" data-e-type=\"widget\" data-settings=\"{&quot;motion_fx_motion_fx_scrolling&quot;:&quot;yes&quot;,&quot;motion_fx_translateY_effect&quot;:&quot;yes&quot;,&quot;motion_fx_translateY_direction&quot;:&quot;negative&quot;,&quot;motion_fx_translateY_speed&quot;:{&quot;unit&quot;:&quot;px&quot;,&quot;size&quot;:&quot;0.6&quot;,&quot;sizes&quot;:[]},&quot;motion_fx_devices&quot;:[&quot;desktop&quot;],&quot;motion_fx_translateY_affectedRange&quot;:{&quot;unit&quot;:&quot;%&quot;,&quot;size&quot;:&quot;&quot;,&quot;sizes&quot;:{&quot;start&quot;:0,&quot;end&quot;:100}}}\" data-widget_type=\"image.default\">\n\t\t\t\t<div class=\"elementor-widget-container\">\n\t\t\t\t\t\t\t\t\t\t\t\t\t\t\t<img fetchpriority=\"high\" decoding=\"async\" width=\"1200\" height=\"801\" src=\"https:\/\/cncdental.es\/wp-content\/uploads\/2020\/07\/calculo-cam-sum-3d-con-software-millbox.jpg\" class=\"attachment-full size-full wp-image-23834\" alt=\"\" srcset=\"https:\/\/cncdental.es\/wp-content\/uploads\/2020\/07\/calculo-cam-sum-3d-con-software-millbox.jpg 1200w, https:\/\/cncdental.es\/wp-content\/uploads\/2020\/07\/calculo-cam-sum-3d-con-software-millbox-300x200.jpg 300w, https:\/\/cncdental.es\/wp-content\/uploads\/2020\/07\/calculo-cam-sum-3d-con-software-millbox-768x513.jpg 768w, https:\/\/cncdental.es\/wp-content\/uploads\/2020\/07\/calculo-cam-sum-3d-con-software-millbox-1024x684.jpg 1024w\" sizes=\"(max-width: 1200px) 100vw, 1200px\" \/>\t\t\t\t\t\t\t\t\t\t\t\t\t\t\t<\/div>\n\t\t\t\t<\/div>\n\t\t\t\t<div class=\"elementor-element elementor-element-5038a0b1 elementor-widget elementor-widget-image\" data-id=\"5038a0b1\" data-element_type=\"widget\" data-e-type=\"widget\" data-settings=\"{&quot;motion_fx_motion_fx_scrolling&quot;:&quot;yes&quot;,&quot;motion_fx_translateY_effect&quot;:&quot;yes&quot;,&quot;motion_fx_translateY_speed&quot;:{&quot;unit&quot;:&quot;px&quot;,&quot;size&quot;:&quot;0.7&quot;,&quot;sizes&quot;:[]},&quot;motion_fx_devices&quot;:[&quot;desktop&quot;],&quot;motion_fx_translateY_affectedRange&quot;:{&quot;unit&quot;:&quot;%&quot;,&quot;size&quot;:&quot;&quot;,&quot;sizes&quot;:{&quot;start&quot;:0,&quot;end&quot;:100}}}\" data-widget_type=\"image.default\">\n\t\t\t\t<div class=\"elementor-widget-container\">\n\t\t\t\t\t\t\t\t\t\t\t\t\t\t\t<img decoding=\"async\" width=\"1800\" height=\"1010\" src=\"https:\/\/cncdental.es\/wp-content\/uploads\/2020\/07\/diseno-cad-con-software-exocad.jpg\" class=\"attachment-full size-full wp-image-23832\" alt=\"\" srcset=\"https:\/\/cncdental.es\/wp-content\/uploads\/2020\/07\/diseno-cad-con-software-exocad.jpg 1800w, https:\/\/cncdental.es\/wp-content\/uploads\/2020\/07\/diseno-cad-con-software-exocad-300x168.jpg 300w, https:\/\/cncdental.es\/wp-content\/uploads\/2020\/07\/diseno-cad-con-software-exocad-768x431.jpg 768w, https:\/\/cncdental.es\/wp-content\/uploads\/2020\/07\/diseno-cad-con-software-exocad-1024x575.jpg 1024w, https:\/\/cncdental.es\/wp-content\/uploads\/2020\/07\/diseno-cad-con-software-exocad-1536x862.jpg 1536w\" sizes=\"(max-width: 1800px) 100vw, 1800px\" \/>\t\t\t\t\t\t\t\t\t\t\t\t\t\t\t<\/div>\n\t\t\t\t<\/div>\n\t\t\t\t\t<\/div>\n\t\t<\/div>\n\t\t\t\t<div class=\"elementor-column elementor-col-50 elementor-top-column elementor-element elementor-element-2a0a9971\" data-id=\"2a0a9971\" data-element_type=\"column\" data-e-type=\"column\">\n\t\t\t<div class=\"elementor-widget-wrap elementor-element-populated\">\n\t\t\t\t\t\t<div class=\"elementor-element elementor-element-100f711e elementor-widget elementor-widget-heading\" data-id=\"100f711e\" data-element_type=\"widget\" data-e-type=\"widget\" data-widget_type=\"heading.default\">\n\t\t\t\t<div class=\"elementor-widget-container\">\n\t\t\t\t\t<h3 class=\"elementor-heading-title elementor-size-default\">Personalised telephone assistance<\/h3>\t\t\t\t<\/div>\n\t\t\t\t<\/div>\n\t\t\t\t<div class=\"elementor-element elementor-element-4028a7fc elementor-widget elementor-widget-heading\" data-id=\"4028a7fc\" data-element_type=\"widget\" data-e-type=\"widget\" data-widget_type=\"heading.default\">\n\t\t\t\t<div class=\"elementor-widget-container\">\n\t\t\t\t\t<h2 class=\"elementor-heading-title elementor-size-default\">Exclusive free technical support service<\/h2>\t\t\t\t<\/div>\n\t\t\t\t<\/div>\n\t\t\t\t<div class=\"elementor-element elementor-element-2bab735 elementor-widget elementor-widget-text-editor\" data-id=\"2bab735\" data-element_type=\"widget\" data-e-type=\"widget\" data-widget_type=\"text-editor.default\">\n\t\t\t\t<div class=\"elementor-widget-container\">\n\t\t\t\t\t\t\t\t\t<p>Thanks to more than 20 years of experience, we are able to advise you on both model-based design and digital flow with intra-oral pick-up. We have highly qualified staff in all areas of design and manufacture, as well as knowledge of existing libraries.<\/p><p>More information:<\/p><ul type=\"disc\"><li style=\"text-align: left;\">E-mail: \u00a0<a href=\"mailto:sat@cncdental.es\">sat@cncdental.es<\/a><\/li><li style=\"text-align: left;\">Telephone: +34 925 264 427<\/li><\/ul>\t\t\t\t\t\t\t\t<\/div>\n\t\t\t\t<\/div>\n\t\t\t\t\t<\/div>\n\t\t<\/div>\n\t\t\t\t\t<\/div>\n\t\t<\/section>\n\t\t\t\t<section class=\"elementor-section elementor-top-section elementor-element elementor-element-6160a0d3 elementor-section-boxed elementor-section-height-default elementor-section-height-default\" data-id=\"6160a0d3\" data-element_type=\"section\" data-e-type=\"section\" data-settings=\"{&quot;background_background&quot;:&quot;classic&quot;}\">\n\t\t\t\t\t\t\t<div class=\"elementor-background-overlay\"><\/div>\n\t\t\t\t\t\t\t<div class=\"elementor-container elementor-column-gap-default\">\n\t\t\t\t\t<div class=\"elementor-column elementor-col-100 elementor-top-column elementor-element elementor-element-2335291d\" data-id=\"2335291d\" data-element_type=\"column\" data-e-type=\"column\">\n\t\t\t<div class=\"elementor-widget-wrap elementor-element-populated\">\n\t\t\t\t\t\t<div class=\"elementor-element elementor-element-45d49698 elementor-widget elementor-widget-heading\" data-id=\"45d49698\" data-element_type=\"widget\" data-e-type=\"widget\" data-widget_type=\"heading.default\">\n\t\t\t\t<div class=\"elementor-widget-container\">\n\t\t\t\t\t<h2 class=\"elementor-heading-title elementor-size-default\">Remote connection with one of our technicians<\/h2>\t\t\t\t<\/div>\n\t\t\t\t<\/div>\n\t\t\t\t<div class=\"elementor-element elementor-element-c332d3a elementor-widget elementor-widget-html\" data-id=\"c332d3a\" data-element_type=\"widget\" data-e-type=\"widget\" data-widget_type=\"html.default\">\n\t\t\t\t<div class=\"elementor-widget-container\">\n\t\t\t\t\t<center>\n<!-- TeamViewer logo (generated at https:\/\/www.teamviewer.com) -->\n <div style=\"position:relative; width:200px; height:125px;\">\n    <a href=\"https:\/\/www.teamviewer.com\/link\/?url=842558\" target=\"_blank\" style=\"text-decoration:none;\">\n      <img decoding=\"async\" src=\"https:\/\/static.teamviewer.com\/resources\/badges\/teamviewer_badge_flat2.png\" alt=\"Download TeamViewer Remote Control\" title=\"Download TeamViewer Remote Control\" border=\"0\" width=\"200\" height=\"125\" \/>\n      <span style=\"position:absolute; top:93px; left:5px; display:block; cursor:pointer; color:White; font-family:Arial; font-size:14px; line-height:1.2em; font-weight:bold; text-align:center; width:190px;\">\n        Download TeamViewer\n      <\/span>\n    <\/a>\n <\/div>\n <\/center>\n    \t\t\t\t<\/div>\n\t\t\t\t<\/div>\n\t\t\t\t\t<\/div>\n\t\t<\/div>\n\t\t\t\t\t<\/div>\n\t\t<\/section>\n\t\t\t\t<section class=\"elementor-section elementor-top-section elementor-element elementor-element-7a5c77dd elementor-section-boxed elementor-section-height-default elementor-section-height-default\" data-id=\"7a5c77dd\" data-element_type=\"section\" data-e-type=\"section\" data-settings=\"{&quot;background_background&quot;:&quot;gradient&quot;,&quot;shape_divider_top&quot;:&quot;waves&quot;}\">\n\t\t\t\t\t\t\t<div class=\"elementor-background-overlay\"><\/div>\n\t\t\t\t\t\t<div class=\"elementor-shape elementor-shape-top\" aria-hidden=\"true\" data-negative=\"false\">\n\t\t\t<svg xmlns=\"http:\/\/www.w3.org\/2000\/svg\" viewBox=\"0 0 1000 100\" preserveAspectRatio=\"none\">\n\t<path class=\"elementor-shape-fill\" d=\"M421.9,6.5c22.6-2.5,51.5,0.4,75.5,5.3c23.6,4.9,70.9,23.5,100.5,35.7c75.8,32.2,133.7,44.5,192.6,49.7\n\tc23.6,2.1,48.7,3.5,103.4-2.5c54.7-6,106.2-25.6,106.2-25.6V0H0v30.3c0,0,72,32.6,158.4,30.5c39.2-0.7,92.8-6.7,134-22.4\n\tc21.2-8.1,52.2-18.2,79.7-24.2C399.3,7.9,411.6,7.5,421.9,6.5z\"\/>\n<\/svg>\t\t<\/div>\n\t\t\t\t\t<div class=\"elementor-container elementor-column-gap-default\">\n\t\t\t\t\t<div class=\"elementor-column elementor-col-50 elementor-top-column elementor-element elementor-element-5bd42493\" data-id=\"5bd42493\" data-element_type=\"column\" data-e-type=\"column\">\n\t\t\t<div class=\"elementor-widget-wrap elementor-element-populated\">\n\t\t\t\t\t\t<div class=\"elementor-element elementor-element-7acf432 elementor-widget elementor-widget-image\" data-id=\"7acf432\" data-element_type=\"widget\" data-e-type=\"widget\" data-settings=\"{&quot;motion_fx_motion_fx_scrolling&quot;:&quot;yes&quot;,&quot;motion_fx_translateY_effect&quot;:&quot;yes&quot;,&quot;motion_fx_translateY_direction&quot;:&quot;negative&quot;,&quot;motion_fx_translateY_speed&quot;:{&quot;unit&quot;:&quot;px&quot;,&quot;size&quot;:&quot;1&quot;,&quot;sizes&quot;:[]},&quot;motion_fx_devices&quot;:[&quot;desktop&quot;,&quot;tablet&quot;],&quot;motion_fx_translateY_affectedRange&quot;:{&quot;unit&quot;:&quot;%&quot;,&quot;size&quot;:&quot;&quot;,&quot;sizes&quot;:{&quot;start&quot;:&quot;0&quot;,&quot;end&quot;:&quot;50&quot;}}}\" data-widget_type=\"image.default\">\n\t\t\t\t<div class=\"elementor-widget-container\">\n\t\t\t\t\t\t\t\t\t\t\t\t\t\t\t<img loading=\"lazy\" decoding=\"async\" width=\"1200\" height=\"801\" src=\"https:\/\/cncdental.es\/wp-content\/uploads\/2025\/03\/CNC-Dental-Detalle03b.jpg\" class=\"attachment-full size-full wp-image-23818\" alt=\"\" \/>\t\t\t\t\t\t\t\t\t\t\t\t\t\t\t<\/div>\n\t\t\t\t<\/div>\n\t\t\t\t\t<\/div>\n\t\t<\/div>\n\t\t\t\t<div class=\"elementor-column elementor-col-50 elementor-top-column elementor-element elementor-element-61ccbcd9\" data-id=\"61ccbcd9\" data-element_type=\"column\" data-e-type=\"column\">\n\t\t\t<div class=\"elementor-widget-wrap elementor-element-populated\">\n\t\t\t\t\t\t<div class=\"elementor-element elementor-element-33ebcd33 elementor-widget elementor-widget-heading\" data-id=\"33ebcd33\" data-element_type=\"widget\" data-e-type=\"widget\" data-widget_type=\"heading.default\">\n\t\t\t\t<div class=\"elementor-widget-container\">\n\t\t\t\t\t<h1 class=\"elementor-heading-title elementor-size-default\">Do you need the services of CNC Dental?<\/h1>\t\t\t\t<\/div>\n\t\t\t\t<\/div>\n\t\t\t\t<div class=\"elementor-element elementor-element-60cfb6a8 elementor-mobile-align-center elementor-widget elementor-widget-button\" data-id=\"60cfb6a8\" data-element_type=\"widget\" data-e-type=\"widget\" data-widget_type=\"button.default\">\n\t\t\t\t<div class=\"elementor-widget-container\">\n\t\t\t\t\t\t\t\t\t<div class=\"elementor-button-wrapper\">\n\t\t\t\t\t<a class=\"elementor-button elementor-button-link elementor-size-md\" href=\"https:\/\/cncdental.es\/en\/contact\/\">\n\t\t\t\t\t\t<span class=\"elementor-button-content-wrapper\">\n\t\t\t\t\t\t<span class=\"elementor-button-icon\">\n\t\t\t\t<i aria-hidden=\"true\" class=\"fas fa-arrow-right\"><\/i>\t\t\t<\/span>\n\t\t\t\t\t\t\t\t\t<span class=\"elementor-button-text\">Contact us<\/span>\n\t\t\t\t\t<\/span>\n\t\t\t\t\t<\/a>\n\t\t\t\t<\/div>\n\t\t\t\t\t\t\t\t<\/div>\n\t\t\t\t<\/div>\n\t\t\t\t\t<\/div>\n\t\t<\/div>\n\t\t\t\t\t<\/div>\n\t\t<\/section>\n\t\t\t\t<\/div>\n\t\t","protected":false},"excerpt":{"rendered":"<p>Exclusive free technical service Personalised telephone assistance Exclusive free technical support service Thanks to more than 20 years of experience, we are able to advise you on both model-based design and digital flow with intra-oral pick-up. We have highly qualified staff in all areas of design and manufacture, as well as knowledge of existing libraries. [&hellip;]<\/p>\n","protected":false},"author":2,"featured_media":0,"parent":0,"menu_order":4,"comment_status":"closed","ping_status":"closed","template":"","meta":{"footnotes":""},"class_list":["post-24574","page","type-page","status-publish","hentry"],"yoast_head":"<!-- This site is optimized with the Yoast SEO plugin v27.2 - https:\/\/yoast.com\/product\/yoast-seo-wordpress\/ -->\n<title>Technical service - CNC Dental<\/title>\n<meta name=\"robots\" content=\"index, follow, max-snippet:-1, max-image-preview:large, max-video-preview:-1\" \/>\n<link rel=\"canonical\" href=\"https:\/\/cncdental.es\/en\/technical-service\/\" \/>\n<meta property=\"og:locale\" content=\"en_US\" \/>\n<meta property=\"og:type\" content=\"article\" \/>\n<meta property=\"og:title\" content=\"Technical service - CNC Dental\" \/>\n<meta property=\"og:description\" content=\"Exclusive free technical service Personalised telephone assistance Exclusive free technical support service Thanks to more than 20 years of experience, we are able to advise you on both model-based design and digital flow with intra-oral pick-up. We have highly qualified staff in all areas of design and manufacture, as well as knowledge of existing libraries. [&hellip;]\" \/>\n<meta property=\"og:url\" content=\"https:\/\/cncdental.es\/en\/technical-service\/\" \/>\n<meta property=\"og:site_name\" content=\"CNC Dental\" \/>\n<meta property=\"article:publisher\" content=\"https:\/\/www.facebook.com\/Cnc-Dental-101759266846023\/\" \/>\n<meta property=\"article:modified_time\" content=\"2025-03-17T09:31:51+00:00\" \/>\n<meta property=\"og:image\" content=\"https:\/\/cncdental.es\/wp-content\/uploads\/2020\/07\/calculo-cam-sum-3d-con-software-millbox.jpg\" \/>\n\t<meta property=\"og:image:width\" content=\"1200\" \/>\n\t<meta property=\"og:image:height\" content=\"801\" \/>\n\t<meta property=\"og:image:type\" content=\"image\/jpeg\" \/>\n<meta name=\"twitter:card\" content=\"summary_large_image\" \/>\n<meta name=\"twitter:site\" content=\"@CNCDental\" \/>\n<meta name=\"twitter:label1\" content=\"Est. reading time\" \/>\n\t<meta name=\"twitter:data1\" content=\"2 minutes\" \/>\n<script type=\"application\/ld+json\" class=\"yoast-schema-graph\">{\"@context\":\"https:\/\/schema.org\",\"@graph\":[{\"@type\":\"WebPage\",\"@id\":\"https:\/\/cncdental.es\/en\/technical-service\/\",\"url\":\"https:\/\/cncdental.es\/en\/technical-service\/\",\"name\":\"Technical service - CNC Dental\",\"isPartOf\":{\"@id\":\"https:\/\/cncdental.es\/en\/#website\"},\"primaryImageOfPage\":{\"@id\":\"https:\/\/cncdental.es\/en\/technical-service\/#primaryimage\"},\"image\":{\"@id\":\"https:\/\/cncdental.es\/en\/technical-service\/#primaryimage\"},\"thumbnailUrl\":\"https:\/\/cncdental.es\/wp-content\/uploads\/2020\/07\/calculo-cam-sum-3d-con-software-millbox.jpg\",\"datePublished\":\"2020-05-22T13:26:15+00:00\",\"dateModified\":\"2025-03-17T09:31:51+00:00\",\"breadcrumb\":{\"@id\":\"https:\/\/cncdental.es\/en\/technical-service\/#breadcrumb\"},\"inLanguage\":\"en-US\",\"potentialAction\":[{\"@type\":\"ReadAction\",\"target\":[\"https:\/\/cncdental.es\/en\/technical-service\/\"]}]},{\"@type\":\"ImageObject\",\"inLanguage\":\"en-US\",\"@id\":\"https:\/\/cncdental.es\/en\/technical-service\/#primaryimage\",\"url\":\"https:\/\/cncdental.es\/wp-content\/uploads\/2020\/07\/calculo-cam-sum-3d-con-software-millbox.jpg\",\"contentUrl\":\"https:\/\/cncdental.es\/wp-content\/uploads\/2020\/07\/calculo-cam-sum-3d-con-software-millbox.jpg\"},{\"@type\":\"BreadcrumbList\",\"@id\":\"https:\/\/cncdental.es\/en\/technical-service\/#breadcrumb\",\"itemListElement\":[{\"@type\":\"ListItem\",\"position\":1,\"name\":\"Portada\",\"item\":\"https:\/\/cncdental.es\/en\/\"},{\"@type\":\"ListItem\",\"position\":2,\"name\":\"Technical service\"}]},{\"@type\":\"WebSite\",\"@id\":\"https:\/\/cncdental.es\/en\/#website\",\"url\":\"https:\/\/cncdental.es\/en\/\",\"name\":\"CNC Dental\",\"description\":\"Dise\u00f1o y fabricaci\u00f3n de estructuras dentales de alta est\u00e9tica.\",\"publisher\":{\"@id\":\"https:\/\/cncdental.es\/en\/#organization\"},\"potentialAction\":[{\"@type\":\"SearchAction\",\"target\":{\"@type\":\"EntryPoint\",\"urlTemplate\":\"https:\/\/cncdental.es\/en\/?s={search_term_string}\"},\"query-input\":{\"@type\":\"PropertyValueSpecification\",\"valueRequired\":true,\"valueName\":\"search_term_string\"}}],\"inLanguage\":\"en-US\"},{\"@type\":\"Organization\",\"@id\":\"https:\/\/cncdental.es\/en\/#organization\",\"name\":\"CNC Dental\",\"url\":\"https:\/\/cncdental.es\/en\/\",\"logo\":{\"@type\":\"ImageObject\",\"inLanguage\":\"en-US\",\"@id\":\"https:\/\/cncdental.es\/en\/#\/schema\/logo\/image\/\",\"url\":\"https:\/\/cncdental.es\/wp-content\/uploads\/2020\/10\/Logo_CNC-Dental.png\",\"contentUrl\":\"https:\/\/cncdental.es\/wp-content\/uploads\/2020\/10\/Logo_CNC-Dental.png\",\"width\":500,\"height\":396,\"caption\":\"CNC Dental\"},\"image\":{\"@id\":\"https:\/\/cncdental.es\/en\/#\/schema\/logo\/image\/\"},\"sameAs\":[\"https:\/\/www.facebook.com\/Cnc-Dental-101759266846023\/\",\"https:\/\/x.com\/CNCDental\"]}]}<\/script>\n<!-- \/ Yoast SEO plugin. -->","yoast_head_json":{"title":"Technical service - CNC Dental","robots":{"index":"index","follow":"follow","max-snippet":"max-snippet:-1","max-image-preview":"max-image-preview:large","max-video-preview":"max-video-preview:-1"},"canonical":"https:\/\/cncdental.es\/en\/technical-service\/","og_locale":"en_US","og_type":"article","og_title":"Technical service - CNC Dental","og_description":"Exclusive free technical service Personalised telephone assistance Exclusive free technical support service Thanks to more than 20 years of experience, we are able to advise you on both model-based design and digital flow with intra-oral pick-up. We have highly qualified staff in all areas of design and manufacture, as well as knowledge of existing libraries. [&hellip;]","og_url":"https:\/\/cncdental.es\/en\/technical-service\/","og_site_name":"CNC Dental","article_publisher":"https:\/\/www.facebook.com\/Cnc-Dental-101759266846023\/","article_modified_time":"2025-03-17T09:31:51+00:00","og_image":[{"width":1200,"height":801,"url":"https:\/\/cncdental.es\/wp-content\/uploads\/2020\/07\/calculo-cam-sum-3d-con-software-millbox.jpg","type":"image\/jpeg"}],"twitter_card":"summary_large_image","twitter_site":"@CNCDental","twitter_misc":{"Est. reading time":"2 minutes"},"schema":{"@context":"https:\/\/schema.org","@graph":[{"@type":"WebPage","@id":"https:\/\/cncdental.es\/en\/technical-service\/","url":"https:\/\/cncdental.es\/en\/technical-service\/","name":"Technical service - CNC Dental","isPartOf":{"@id":"https:\/\/cncdental.es\/en\/#website"},"primaryImageOfPage":{"@id":"https:\/\/cncdental.es\/en\/technical-service\/#primaryimage"},"image":{"@id":"https:\/\/cncdental.es\/en\/technical-service\/#primaryimage"},"thumbnailUrl":"https:\/\/cncdental.es\/wp-content\/uploads\/2020\/07\/calculo-cam-sum-3d-con-software-millbox.jpg","datePublished":"2020-05-22T13:26:15+00:00","dateModified":"2025-03-17T09:31:51+00:00","breadcrumb":{"@id":"https:\/\/cncdental.es\/en\/technical-service\/#breadcrumb"},"inLanguage":"en-US","potentialAction":[{"@type":"ReadAction","target":["https:\/\/cncdental.es\/en\/technical-service\/"]}]},{"@type":"ImageObject","inLanguage":"en-US","@id":"https:\/\/cncdental.es\/en\/technical-service\/#primaryimage","url":"https:\/\/cncdental.es\/wp-content\/uploads\/2020\/07\/calculo-cam-sum-3d-con-software-millbox.jpg","contentUrl":"https:\/\/cncdental.es\/wp-content\/uploads\/2020\/07\/calculo-cam-sum-3d-con-software-millbox.jpg"},{"@type":"BreadcrumbList","@id":"https:\/\/cncdental.es\/en\/technical-service\/#breadcrumb","itemListElement":[{"@type":"ListItem","position":1,"name":"Portada","item":"https:\/\/cncdental.es\/en\/"},{"@type":"ListItem","position":2,"name":"Technical service"}]},{"@type":"WebSite","@id":"https:\/\/cncdental.es\/en\/#website","url":"https:\/\/cncdental.es\/en\/","name":"CNC Dental","description":"Dise\u00f1o y fabricaci\u00f3n de estructuras dentales de alta est\u00e9tica.","publisher":{"@id":"https:\/\/cncdental.es\/en\/#organization"},"potentialAction":[{"@type":"SearchAction","target":{"@type":"EntryPoint","urlTemplate":"https:\/\/cncdental.es\/en\/?s={search_term_string}"},"query-input":{"@type":"PropertyValueSpecification","valueRequired":true,"valueName":"search_term_string"}}],"inLanguage":"en-US"},{"@type":"Organization","@id":"https:\/\/cncdental.es\/en\/#organization","name":"CNC Dental","url":"https:\/\/cncdental.es\/en\/","logo":{"@type":"ImageObject","inLanguage":"en-US","@id":"https:\/\/cncdental.es\/en\/#\/schema\/logo\/image\/","url":"https:\/\/cncdental.es\/wp-content\/uploads\/2020\/10\/Logo_CNC-Dental.png","contentUrl":"https:\/\/cncdental.es\/wp-content\/uploads\/2020\/10\/Logo_CNC-Dental.png","width":500,"height":396,"caption":"CNC Dental"},"image":{"@id":"https:\/\/cncdental.es\/en\/#\/schema\/logo\/image\/"},"sameAs":["https:\/\/www.facebook.com\/Cnc-Dental-101759266846023\/","https:\/\/x.com\/CNCDental"]}]}},"_links":{"self":[{"href":"https:\/\/cncdental.es\/en\/wp-json\/wp\/v2\/pages\/24574","targetHints":{"allow":["GET"]}}],"collection":[{"href":"https:\/\/cncdental.es\/en\/wp-json\/wp\/v2\/pages"}],"about":[{"href":"https:\/\/cncdental.es\/en\/wp-json\/wp\/v2\/types\/page"}],"author":[{"embeddable":true,"href":"https:\/\/cncdental.es\/en\/wp-json\/wp\/v2\/users\/2"}],"replies":[{"embeddable":true,"href":"https:\/\/cncdental.es\/en\/wp-json\/wp\/v2\/comments?post=24574"}],"version-history":[{"count":11,"href":"https:\/\/cncdental.es\/en\/wp-json\/wp\/v2\/pages\/24574\/revisions"}],"predecessor-version":[{"id":25220,"href":"https:\/\/cncdental.es\/en\/wp-json\/wp\/v2\/pages\/24574\/revisions\/25220"}],"wp:attachment":[{"href":"https:\/\/cncdental.es\/en\/wp-json\/wp\/v2\/media?parent=24574"}],"curies":[{"name":"wp","href":"https:\/\/api.w.org\/{rel}","templated":true}]}}